{"id":190,"date":"2023-11-17T03:54:49","date_gmt":"2023-11-17T01:54:49","guid":{"rendered":"http:\/\/mipreparadordeoposiciones.com\/?page_id=190"},"modified":"2023-11-29T10:55:26","modified_gmt":"2023-11-29T08:55:26","slug":"servicios-adicionales","status":"publish","type":"page","link":"https:\/\/mipreparadordeoposiciones.com\/en\/servicios-adicionales\/","title":{"rendered":"Servicios Adicionales"},"content":{"rendered":"<p>[et_pb_section fb_built=\u00bb1&#8243; custom_padding_last_edited=\u00bbon|tablet\u00bb disabled_on=\u00bboff|off|off\u00bb admin_label=\u00bb Market Research\u00bb module_id=\u00bbservicios\u00bb _builder_version=\u00bb4.21.0&#8243; background_color=\u00bb#F2F2FA\u00bb custom_margin_tablet=\u00bb\u00bb custom_margin_phone=\u00bb\u00bb custom_margin_last_edited=\u00bbon|phone\u00bb custom_padding=\u00bb264px||264px||true|false\u00bb custom_padding_tablet=\u00bb\u00bb custom_padding_phone=\u00bb0px|||\u00bb saved_tabs=\u00bball\u00bb locked=\u00bboff\u00bb global_colors_info=\u00bb{}\u00bb][et_pb_row _builder_version=\u00bb4.16&#8243; global_colors_info=\u00bb{}\u00bb][et_pb_column type=\u00bb4_4&#8243; _builder_version=\u00bb4.16&#8243; custom_padding=\u00bb|||\u00bb global_colors_info=\u00bb{}\u00bb custom_padding__hover=\u00bb|||\u00bb][et_pb_blurb title=\u00bbClases de Ingl\u00e9s\u00bb use_icon=\u00bbon\u00bb font_icon=\u00bb&#xf5dc;||fa||900&#8243; icon_color=\u00bb#315A58&#8243; icon_placement=\u00bbleft\u00bb image_icon_width=\u00bb64px\u00bb content_max_width=\u00bb1100px\u00bb image_icon_width_tablet=\u00bb64px\u00bb image_icon_width_phone=\u00bb32px\u00bb image_icon_width_last_edited=\u00bbon|phone\u00bb _builder_version=\u00bb4.21.0&#8243; header_level=\u00bbh3&#8243; header_font=\u00bbRoboto|700|||||||\u00bb header_line_height=\u00bb1.7em\u00bb body_font=\u00bb||||||||\u00bb body_font_size=\u00bb16px\u00bb body_line_height=\u00bb2em\u00bb background_color=\u00bb#ffffff\u00bb text_orientation=\u00bbcenter\u00bb module_alignment=\u00bbleft\u00bb custom_margin=\u00bb||0px|\u00bb custom_padding=\u00bb30px|20px|40px|20px|false|true\u00bb custom_padding_last_edited=\u00bboff|desktop\u00bb animation=\u00bboff\u00bb header_font_size_tablet=\u00bb\u00bb header_font_size_phone=\u00bb18px\u00bb header_font_size_last_edited=\u00bbon|phone\u00bb body_font_size_tablet=\u00bb\u00bb body_font_size_phone=\u00bb14px\u00bb body_font_size_last_edited=\u00bbon|phone\u00bb border_radii=\u00bb|10px|10px||\u00bb box_shadow_style=\u00bbpreset1&#8243; box_shadow_blur=\u00bb70px\u00bb box_shadow_color=\u00bbrgba(110,130,208,0.18)\u00bb icon_font_size=\u00bb64px\u00bb icon_font_size_tablet=\u00bb\u00bb icon_font_size_phone=\u00bb32px\u00bb icon_font_size_last_edited=\u00bbon|phone\u00bb global_colors_info=\u00bb{}\u00bb]<\/p>\n<p>Las sesiones de psicot\u00e9cnicos siempre comienzan con una Evaluaci\u00f3n Inicial en la que se detectan tus puntos fuertes y d\u00e9biles. De esta forma la preparaci\u00f3n ser\u00e1 100% personalizada y terminaremos adquiriendo la mejor estrategia de examen para ti. Trabajamos todas las \u00e1reas y destrezas, poni\u00e9ndote a prueba con simulacros y ejercicios espec\u00edficos. Adem\u00e1s contar\u00e1s con ENTRENAMIENTOS para trabajar todos los conceptos que veas en clase, este material va incluido en el precio.<\/p>\n<p>[\/et_pb_blurb][\/et_pb_column][\/et_pb_row][et_pb_row column_structure=\u00bb1_2,1_2&#8243; make_equal=\u00bbon\u00bb _builder_version=\u00bb4.21.0&#8243; _module_preset=\u00bbdefault\u00bb global_colors_info=\u00bb{}\u00bb][et_pb_column type=\u00bb1_2&#8243; _builder_version=\u00bb4.21.0&#8243; _module_preset=\u00bbdefault\u00bb global_colors_info=\u00bb{}\u00bb][et_pb_blurb title=\u00bbSesiones de psicolog\u00eda\u00bb use_icon=\u00bbon\u00bb font_icon=\u00bb&#xf4c4;||fa||900&#8243; icon_color=\u00bb#315A58&#8243; icon_placement=\u00bbleft\u00bb image_icon_width=\u00bb64px\u00bb content_max_width=\u00bb1100px\u00bb image_icon_width_tablet=\u00bb64px\u00bb image_icon_width_phone=\u00bb32px\u00bb image_icon_width_last_edited=\u00bbon|phone\u00bb _builder_version=\u00bb4.21.0&#8243; header_level=\u00bbh3&#8243; header_font=\u00bbRoboto|700|||||||\u00bb header_line_height=\u00bb1.7em\u00bb body_font=\u00bb||||||||\u00bb body_font_size=\u00bb16px\u00bb body_line_height=\u00bb2em\u00bb background_color=\u00bb#ffffff\u00bb text_orientation=\u00bbcenter\u00bb module_alignment=\u00bbleft\u00bb min_height=\u00bb100%\u00bb custom_margin=\u00bb||0px|\u00bb custom_padding=\u00bb30px|20px|40px|20px|false|true\u00bb custom_padding_last_edited=\u00bboff|desktop\u00bb animation=\u00bboff\u00bb header_font_size_tablet=\u00bb\u00bb header_font_size_phone=\u00bb18px\u00bb header_font_size_last_edited=\u00bbon|phone\u00bb body_font_size_tablet=\u00bb\u00bb body_font_size_phone=\u00bb14px\u00bb body_font_size_last_edited=\u00bbon|phone\u00bb border_radii=\u00bb|10px|10px||\u00bb box_shadow_style=\u00bbpreset1&#8243; box_shadow_blur=\u00bb70px\u00bb box_shadow_color=\u00bbrgba(110,130,208,0.18)\u00bb icon_font_size=\u00bb64px\u00bb icon_font_size_tablet=\u00bb\u00bb icon_font_size_phone=\u00bb32px\u00bb icon_font_size_last_edited=\u00bbon|phone\u00bb global_colors_info=\u00bb{}\u00bb]<\/p>\n<p>Podr\u00e1s contar siempre que lo necesites con sesiones para superar tus miedos, ya sean a pruebas f\u00edsicas o de tipo test, para controlar y gestionar tus emociones, tu ansiedad, o para trabajar en cualquier aspecto personal que necesites.<\/p>\n<p>[\/et_pb_blurb][\/et_pb_column][et_pb_column type=\u00bb1_2&#8243; _builder_version=\u00bb4.21.0&#8243; _module_preset=\u00bbdefault\u00bb global_colors_info=\u00bb{}\u00bb][et_pb_blurb title=\u00bbT\u00c9CNICAS DE ESTUDIO\u00bb use_icon=\u00bbon\u00bb font_icon=\u00bb&#xf5da;||fa||900&#8243; icon_color=\u00bb#315A58&#8243; icon_placement=\u00bbleft\u00bb image_icon_width=\u00bb64px\u00bb content_max_width=\u00bb1100px\u00bb image_icon_width_tablet=\u00bb64px\u00bb image_icon_width_phone=\u00bb32px\u00bb image_icon_width_last_edited=\u00bbon|phone\u00bb _builder_version=\u00bb4.21.0&#8243; header_level=\u00bbh3&#8243; header_font=\u00bbRoboto|700|||||||\u00bb header_line_height=\u00bb1.7em\u00bb body_font=\u00bb||||||||\u00bb body_font_size=\u00bb16px\u00bb body_line_height=\u00bb2em\u00bb background_color=\u00bb#ffffff\u00bb text_orientation=\u00bbcenter\u00bb module_alignment=\u00bbleft\u00bb custom_margin=\u00bb||0px|\u00bb custom_padding=\u00bb30px|20px|40px|20px|false|true\u00bb custom_padding_last_edited=\u00bboff|desktop\u00bb animation=\u00bboff\u00bb header_font_size_tablet=\u00bb\u00bb header_font_size_phone=\u00bb18px\u00bb header_font_size_last_edited=\u00bbon|phone\u00bb body_font_size_tablet=\u00bb\u00bb body_font_size_phone=\u00bb14px\u00bb body_font_size_last_edited=\u00bbon|phone\u00bb border_radii=\u00bb|10px|10px||\u00bb box_shadow_style=\u00bbpreset1&#8243; box_shadow_blur=\u00bb70px\u00bb box_shadow_color=\u00bbrgba(110,130,208,0.18)\u00bb icon_font_size=\u00bb64px\u00bb icon_font_size_tablet=\u00bb\u00bb icon_font_size_phone=\u00bb32px\u00bb icon_font_size_last_edited=\u00bbon|phone\u00bb global_colors_info=\u00bb{}\u00bb]<\/p>\n<p>Aunque somos de la vieja escuela y creemos que a estudiar se aprende estudiando, hay veces en las que unas simples pautas pueden hacer que optimices exponencialmente tu estudio. Nuestro trato personalizado nos permitir\u00e1 detectar posibles carencias y si el alumno as\u00ed lo desea recibir\u00e1 las pautas necesarias, tales como horarios de estudio semanales, t\u00e9cnicas personalizadas y estrategias de estudio entre otros.<\/p>\n<p>[\/et_pb_blurb][\/et_pb_column][\/et_pb_row][\/et_pb_section]<\/p>","protected":false},"excerpt":{"rendered":"<p>Las sesiones de psicot\u00e9cnicos siempre comienzan con una Evaluaci\u00f3n Inicial en la que se detectan tus puntos fuertes y d\u00e9biles. De esta forma la preparaci\u00f3n ser\u00e1 100% personalizada y terminaremos adquiriendo la mejor estrategia de examen para ti. Trabajamos todas las \u00e1reas y destrezas, poni\u00e9ndote a prueba con simulacros y ejercicios espec\u00edficos. Adem\u00e1s contar\u00e1s con [&hellip;]<\/p>","protected":false},"author":1,"featured_media":0,"parent":0,"menu_order":0,"comment_status":"closed","ping_status":"closed","template":"","meta":{"_et_pb_use_builder":"on","_et_pb_old_content":"","_et_gb_content_width":"","_joinchat":[],"footnotes":""},"class_list":["post-190","page","type-page","status-publish","hentry"],"_links":{"self":[{"href":"https:\/\/mipreparadordeoposiciones.com\/en\/wp-json\/wp\/v2\/pages\/190","targetHints":{"allow":["GET"]}}],"collection":[{"href":"https:\/\/mipreparadordeoposiciones.com\/en\/wp-json\/wp\/v2\/pages"}],"about":[{"href":"https:\/\/mipreparadordeoposiciones.com\/en\/wp-json\/wp\/v2\/types\/page"}],"author":[{"embeddable":true,"href":"https:\/\/mipreparadordeoposiciones.com\/en\/wp-json\/wp\/v2\/users\/1"}],"replies":[{"embeddable":true,"href":"https:\/\/mipreparadordeoposiciones.com\/en\/wp-json\/wp\/v2\/comments?post=190"}],"version-history":[{"count":6,"href":"https:\/\/mipreparadordeoposiciones.com\/en\/wp-json\/wp\/v2\/pages\/190\/revisions"}],"predecessor-version":[{"id":286,"href":"https:\/\/mipreparadordeoposiciones.com\/en\/wp-json\/wp\/v2\/pages\/190\/revisions\/286"}],"wp:attachment":[{"href":"https:\/\/mipreparadordeoposiciones.com\/en\/wp-json\/wp\/v2\/media?parent=190"}],"curies":[{"name":"wp","href":"https:\/\/api.w.org\/{rel}","templated":true}]}}